{"id":1478,"date":"2026-01-13T13:47:23","date_gmt":"2026-01-13T13:47:23","guid":{"rendered":"https:\/\/peritonealcancerinstitute.com\/politica-de-cookies\/"},"modified":"2026-02-23T09:47:27","modified_gmt":"2026-02-23T09:47:27","slug":"politica-de-cookies","status":"publish","type":"page","link":"https:\/\/peritonealcancerinstitute.com\/pt-br\/politica-de-cookies\/","title":{"rendered":"Pol\u00edtica de cookies"},"content":{"rendered":"\t\t<div data-elementor-type=\"wp-page\" data-elementor-id=\"1478\" class=\"elementor elementor-1478 elementor-469\" data-elementor-post-type=\"page\">\n\t\t\t\t<div class=\"elementor-element elementor-element-29907b8 e-flex e-con-boxed e-con e-parent\" data-id=\"29907b8\" data-element_type=\"container\" data-e-type=\"container\" data-settings=\"{&quot;background_background&quot;:&quot;classic&quot;,&quot;jet_parallax_layout_list&quot;:[]}\">\n\t\t\t\t\t<div class=\"e-con-inner\">\n\t\t<div class=\"elementor-element elementor-element-65f522e e-con-full e-flex e-con e-child\" data-id=\"65f522e\" data-element_type=\"container\" data-e-type=\"container\" data-settings=\"{&quot;jet_parallax_layout_list&quot;:[]}\">\n\t\t\t\t<div class=\"elementor-element elementor-element-6cb3229 elementor-widget elementor-widget-heading\" data-id=\"6cb3229\" data-element_type=\"widget\" data-e-type=\"widget\" data-widget_type=\"heading.default\">\n\t\t\t\t\t<h1 class=\"elementor-heading-title elementor-size-default\">Pol\u00edtica de cookies<\/h1>\t\t\t\t<\/div>\n\t\t\t\t<\/div>\n\t\t<div class=\"elementor-element elementor-element-a5e086b e-con-full e-flex e-con e-child\" data-id=\"a5e086b\" data-element_type=\"container\" data-e-type=\"container\" data-settings=\"{&quot;background_background&quot;:&quot;classic&quot;,&quot;jet_parallax_layout_list&quot;:[]}\">\n\t\t\t\t<\/div>\n\t\t\t\t\t<\/div>\n\t\t\t\t<\/div>\n\t\t<div class=\"elementor-element elementor-element-6fbaaa9 e-flex e-con-boxed e-con e-parent\" data-id=\"6fbaaa9\" data-element_type=\"container\" data-e-type=\"container\" data-settings=\"{&quot;jet_parallax_layout_list&quot;:[],&quot;background_background&quot;:&quot;classic&quot;}\">\n\t\t\t\t\t<div class=\"e-con-inner\">\n\t\t\t\t<div class=\"elementor-element elementor-element-c79725c elementor-widget elementor-widget-text-editor\" data-id=\"c79725c\" data-element_type=\"widget\" data-e-type=\"widget\" data-widget_type=\"text-editor.default\">\n\t\t\t\t\t\t\t\t\t<div class=\"elementor-element elementor-element-9e7f564 elementor-widget elementor-widget-heading\" data-id=\"9e7f564\" data-element_type=\"widget\" data-widget_type=\"heading.default\"><div class=\"elementor-widget-container\">A seguir, apresentamos a Pol\u00edtica de Cookies (doravante, &#8220;Pol\u00edtica de Cookies&#8221; ou &#8220;Pol\u00edtica&#8221;) que rege a Plataforma Web <a href=\"https:\/\/peritonealcancerinstitute.com\/pt-br\/\">https:\/\/peritonealcancerinstitute.com<\/a> (doravante, &#8220;a Plataforma&#8221;), de propriedade da DEEP POINT S.L.P. (doravante, &#8220;PCI&#8221;), com endere\u00e7o registrado em CALLE VILLARROEL, 92 &#8211; P. 1 PTA. 1. 1, 08011 BARCELONA e ID fiscal B09994013   <\/div><\/div><div class=\"elementor-element elementor-element-b410af8 elementor-widget elementor-widget-text-editor\" data-id=\"b410af8\" data-element_type=\"widget\" data-widget_type=\"text-editor.default\"><div class=\"elementor-widget-container\">O objetivo desta Pol\u00edtica de Cookies \u00e9 ajud\u00e1-lo a entender como usamos cookies nesta plataforma da Web, os tipos de cookies que usamos, sua finalidade e dura\u00e7\u00e3o, e inform\u00e1-lo sobre as op\u00e7\u00f5es dispon\u00edveis para configur\u00e1-los, gerenci\u00e1-los ou rejeit\u00e1-los.<p>RESERVE ALGUNS MINUTOS PARA LER NOSSA POL\u00cdTICA DE COOKIES &#8211; N\u00c3O VAI DEMORAR MUITO. COM ELA, QUEREMOS EXPLICAR DE FORMA SIMPLES, CLARA E TRANSPARENTE COMO PROCESSAMOS E PROTEGEMOS SUAS INFORMA\u00c7\u00d5ES PESSOAIS E SEUS DIREITOS. SUA SEGURAN\u00c7A E A PROTE\u00c7\u00c3O DE SEUS DADOS PESSOAIS S\u00c3O FUNDAMENTAIS PARA N\u00d3S, E LEVAMOS MUITO A S\u00c9RIO A PROTE\u00c7\u00c3O ADEQUADA DELES.  <\/p><p><b>TAMB\u00c9M RECOMENDAMOS QUE VOC\u00ca LEIA ATENTAMENTE NOSSA POL\u00cdTICA DE PRIVACIDADE.<\/b><\/p><p><b>O QUE S\u00c3O COOKIES?<\/b><\/p><p>Cookies s\u00e3o pequenos arquivos ou dispositivos que s\u00e3o baixados e armazenados em seu terminal (ou seja, o dispositivo a partir do qual voc\u00ea acessa a Plataforma: computador, telefone celular, tablet ou qualquer outro dispositivo conectado) e permitem que a Plataforma ou o site lembrem informa\u00e7\u00f5es sobre sua visita.  <\/p><p>Em geral, e conforme estabelecido no Guia de Cookies publicado pela Ag\u00eancia Espanhola de Prote\u00e7\u00e3o de Dados (AEPD), que voc\u00ea pode consultar <a href=\"https:\/\/www.aepd.es\/es\/documento\/guia-cookies.pdf\">aqui<\/a>, os cookies podem ser de v\u00e1rios tipos:  <\/p><p>De acordo com a entidade que gerencia o equipamento ou dom\u00ednio a partir do qual os cookies s\u00e3o enviados e processa os dados obtidos, podemos distinguir:  <\/p><ul><li aria-level=\"1\"><p>Cookies prim\u00e1rios: Aqueles enviados ao terminal do usu\u00e1rio a partir de um dispositivo ou dom\u00ednio gerenciado pelo editor da plataforma, neste caso, a partir do qual o servi\u00e7o solicitado pelo usu\u00e1rio \u00e9 fornecido.<\/p><\/li><li aria-level=\"1\"><p><b>Cookies de terceiros:<\/b><i>Aqueles enviados ao terminal do usu\u00e1rio a partir de um dispositivo ou dom\u00ednio n\u00e3o gerenciado pelo editor da Plataforma, mas por outra entidade que processa os dados obtidos por meio dos cookies. Se os cookies forem instalados a partir de um dispositivo ou dom\u00ednio gerenciado pela PCI, mas as informa\u00e7\u00f5es coletadas por meio deles forem gerenciadas por terceiros, eles n\u00e3o poder\u00e3o ser considerados cookies pr\u00f3prios da PCI. Nesse sentido, a PCI poder\u00e1 contratar empresas de an\u00e1lise e mensura\u00e7\u00e3o que medem e\/ou analisam o comportamento de navega\u00e7\u00e3o dos usu\u00e1rios na Plataforma e atuam em seu nome por meio da an\u00e1lise dos dados obtidos com o uso desses cookies de terceiros, exclusivamente para melhorar o servi\u00e7o prestado pela PCI. <\/i> <\/p><\/li><\/ul><p><b>De acordo com a finalidade para a qual os dados obtidos por meio de cookies s\u00e3o processados, podemos distinguir:  <\/b><b><\/b><i><\/i><\/p><ul><li aria-level=\"1\"><p>Cookies t\u00e9cnicos: Permitem que o usu\u00e1rio navegue na plataforma e utilize as diferentes op\u00e7\u00f5es ou servi\u00e7os existentes nela, como controlar o tr\u00e1fego e a comunica\u00e7\u00e3o de dados, identificar a sess\u00e3o, acessar \u00e1reas restritas, lembrar os itens que comp\u00f5em uma solicita\u00e7\u00e3o, registrar-se ou participar de um evento, utilizar elementos de seguran\u00e7a durante a navega\u00e7\u00e3o, armazenar conte\u00fado para a divulga\u00e7\u00e3o de v\u00eddeos ou \u00e1udio ou compartilhar conte\u00fado por meio de redes sociais.  <\/p><\/li><li aria-level=\"1\"><p>Cookies funcionais ou de personaliza\u00e7\u00e3o: Permitem que o usu\u00e1rio acesse o servi\u00e7o com algumas caracter\u00edsticas gerais predefinidas com base em uma s\u00e9rie de crit\u00e9rios no terminal do usu\u00e1rio, como idioma, tipo de navegador usado para acessar o servi\u00e7o ou configura\u00e7\u00f5es regionais a partir das quais o servi\u00e7o \u00e9 acessado, entre outros.<\/p><\/li><li aria-level=\"1\"><p>Cookies anal\u00edticos: Permitem que a parte respons\u00e1vel por eles rastreie e analise o comportamento dos usu\u00e1rios dos sites aos quais est\u00e3o vinculados. As informa\u00e7\u00f5es coletadas por esse tipo de cookie s\u00e3o usadas para medir a atividade na plataforma e para criar perfis de navega\u00e7\u00e3o dos usu\u00e1rios desses sites, aplicativos e plataformas, a fim de introduzir melhorias com base na an\u00e1lise dos dados de uso feita pelos usu\u00e1rios do servi\u00e7o.   <\/p><\/li><li aria-level=\"1\"><p>Cookies de publicidade: Permitem o gerenciamento mais eficiente poss\u00edvel dos espa\u00e7os publicit\u00e1rios que, quando apropriado, o editor incluiu em um site, aplicativo ou plataforma a partir da qual o servi\u00e7o solicitado \u00e9 fornecido, com base em crit\u00e9rios como o conte\u00fado editado ou a frequ\u00eancia com que os an\u00fancios s\u00e3o exibidos.  <\/p><\/li><li aria-level=\"1\"><p>Cookies de publicidade comportamental: Permitem a gest\u00e3o mais eficiente poss\u00edvel dos espa\u00e7os publicit\u00e1rios que, se for o caso, o editor incluiu em um site, aplicativo ou plataforma a partir da qual o servi\u00e7o solicitado \u00e9 fornecido. Esses cookies armazenam informa\u00e7\u00f5es sobre o comportamento dos usu\u00e1rios obtidas por meio da observa\u00e7\u00e3o cont\u00ednua de seus h\u00e1bitos de navega\u00e7\u00e3o, o que permite desenvolver um perfil espec\u00edfico para exibir publicidade com base nesse perfil.   <\/p><\/li><\/ul><p><b>De acordo com o per\u00edodo de tempo em que permanecem ativados no terminal (dura\u00e7\u00e3o), podemos distinguir:  <\/b><b><\/b><i><\/i><\/p><ul><li aria-level=\"1\"><p>Cookies de sess\u00e3o: Cookies projetados para coletar e armazenar dados enquanto o usu\u00e1rio acessa a plataforma. Os cookies de sess\u00e3o permitem que um site reconhe\u00e7a o usu\u00e1rio. <\/p><\/li><li aria-level=\"1\"><p>Cookies persistentes: Cookies nos quais os dados permanecem armazenados no terminal e podem ser acessados e processados por um per\u00edodo definido pelo controlador de cookies, que pode variar de alguns minutos a v\u00e1rios anos.<\/p><\/li><\/ul><p><i>  <\/i><\/p><p><b>QUAIS COOKIES ESTA PLATAFORMA USA?  <\/b><\/p><p>Esta Plataforma utiliza cookies para otimizar e facilitar a navega\u00e7\u00e3o do usu\u00e1rio e para analisar o tr\u00e1fego do site.<\/p><p>Alguns dos cookies utilizados s\u00e3o necess\u00e1rios para permitir a navega\u00e7\u00e3o na Plataforma e n\u00e3o requerem o consentimento do usu\u00e1rio; outros n\u00e3o afetam a funcionalidade do site e o usu\u00e1rio pode aceit\u00e1-los, configur\u00e1-los ou rejeit\u00e1-los, conforme indicado na se\u00e7\u00e3o &#8220;3. Gerenciamento e configura\u00e7\u00e3o de cookies&#8221;. A seguir, voc\u00ea encontrar\u00e1 os cookies utilizados atualmente nesta Plataforma e suas caracter\u00edsticas:   <\/p><table class=\"w-fit min-w-(--thread-content-width)\" data-start=\"125\" data-end=\"1490\"><thead data-start=\"125\" data-end=\"320\"><tr data-start=\"125\" data-end=\"320\"><th data-start=\"125\" data-end=\"153\" data-col-size=\"sm\"><p>Biscoito<\/p><\/th><th data-start=\"153\" data-end=\"170\" data-col-size=\"sm\"><p>Tipo de cookie<\/p><\/th><th data-start=\"170\" data-end=\"270\" data-col-size=\"md\"><p>Finalidade<\/p><\/th><th data-start=\"270\" data-end=\"293\" data-col-size=\"sm\"><p>Gerenciamento<\/p><\/th><th data-start=\"293\" data-end=\"320\" data-col-size=\"sm\"><p>Dura\u00e7\u00e3o<\/p><\/th><\/tr><\/thead><tbody data-start=\"517\" data-end=\"1490\"><tr data-start=\"517\" data-end=\"711\"><td data-start=\"517\" data-end=\"544\" data-col-size=\"sm\"><p><em data-start=\"519\" data-end=\"523\">ga*<\/em><\/p><\/td><td data-col-size=\"sm\" data-start=\"544\" data-end=\"561\"><p>An\u00e1lises<\/p><\/td><td data-col-size=\"md\" data-start=\"561\" data-end=\"660\"><p>Armazenar e contar visualiza\u00e7\u00f5es de p\u00e1gina (Google Analytics).<\/p><\/td><td data-col-size=\"sm\" data-start=\"660\" data-end=\"683\"><p>Primeiras partes<\/p><\/td><td data-col-size=\"sm\" data-start=\"683\" data-end=\"711\"><p>1 ano 1 m\u00eas 4 dias<\/p><\/td><\/tr><tr data-start=\"712\" data-end=\"906\"><td data-start=\"712\" data-end=\"739\" data-col-size=\"sm\"><p>_ga<\/p><\/td><td data-col-size=\"sm\" data-start=\"739\" data-end=\"756\"><p>An\u00e1lises<\/p><\/td><td data-col-size=\"md\" data-start=\"756\" data-end=\"855\"><p>Calcular dados de visitantes, sess\u00f5es e campanhas; rastreamento de uso do site (Google Analytics).<\/p><\/td><td data-col-size=\"sm\" data-start=\"855\" data-end=\"878\"><p>Primeiras partes<\/p><\/td><td data-col-size=\"sm\" data-start=\"878\" data-end=\"906\"><p>1 ano 1 m\u00eas 4 dias<\/p><\/td><\/tr><tr data-start=\"907\" data-end=\"1101\"><td data-start=\"907\" data-end=\"934\" data-col-size=\"sm\"><p>rc::a<\/p><\/td><td data-col-size=\"sm\" data-start=\"934\" data-end=\"951\"><p>Necess\u00e1rio<\/p><\/td><td data-col-size=\"md\" data-start=\"951\" data-end=\"1050\"><p>Identificar bots para proteger contra ataques de spam (Google reCAPTCHA).<\/p><\/td><td data-col-size=\"sm\" data-start=\"1050\" data-end=\"1073\"><p>Terceiros (Google)<\/p><\/td><td data-col-size=\"sm\" data-start=\"1073\" data-end=\"1101\"><p>Permanente (nunca)<\/p><\/td><\/tr><tr data-start=\"1102\" data-end=\"1295\"><td data-start=\"1102\" data-end=\"1128\" data-col-size=\"sm\"><p>wpEmojiSettingsSupports<\/p><\/td><td data-col-size=\"sm\" data-start=\"1128\" data-end=\"1145\"><p>Necess\u00e1rio<\/p><\/td><td data-col-size=\"md\" data-start=\"1145\" data-end=\"1244\"><p>Verifique se o navegador pode exibir emojis corretamente (WordPress).<\/p><\/td><td data-col-size=\"sm\" data-start=\"1244\" data-end=\"1267\"><p>Primeiras partes<\/p><\/td><td data-col-size=\"sm\" data-start=\"1267\" data-end=\"1295\"><p>Sess\u00e3o<\/p><\/td><\/tr><tr data-start=\"1296\" data-end=\"1490\"><td data-start=\"1296\" data-end=\"1323\" data-col-size=\"sm\"><p>rc::c<\/p><\/td><td data-col-size=\"sm\" data-start=\"1323\" data-end=\"1340\"><p>Necess\u00e1rio<\/p><\/td><td data-col-size=\"md\" data-start=\"1340\" data-end=\"1439\"><p>Identificar bots para proteger contra ataques de spam (Google reCAPTCHA).<\/p><\/td><td data-col-size=\"sm\" data-start=\"1439\" data-end=\"1462\"><p>Terceiros (Google)<\/p><\/td><td data-col-size=\"sm\" data-start=\"1462\" data-end=\"1490\"><p>Sess\u00e3o<\/p><\/td><\/tr><\/tbody><\/table><ul><li aria-level=\"1\"><p>Voc\u00ea pode impedir que o Google Analytics colete e use dados (cookies e endere\u00e7o IP) fazendo o download e instalando o complemento do navegador para desativa\u00e7\u00e3o do Google Analytics: <a href=\"https:\/\/support.google.com\/analytics\/answer\/181881?hl=es\">https:\/\/support.google.com\/analytics\/answer\/181881?hl=es<\/a> <\/p><\/li><\/ul><p>Se quiser obter mais informa\u00e7\u00f5es sobre a finalidade e o escopo da coleta e do processamento de dados pessoais pelas redes sociais vinculadas a esta Plataforma, voc\u00ea pode consultar suas Pol\u00edticas de Privacidade:<\/p><p>Facebook: <a href=\"https:\/\/de-de.facebook.com\/about\/privacy\/\">https:\/\/de-de.facebook.com\/about\/privacy\/<\/a><\/p><p>X: <a href=\"https:\/\/x.com\/privacy\">https:\/\/x.com\/privacy<\/a><\/p><p>LinkedIn: <a href=\"https:\/\/www.linkedin.com\/legal\/privacy-policy\">https:\/\/www.linkedin.com\/legal\/privacy-policy<\/a><\/p><p>Instagram: <a href=\"https:\/\/help.instagram.com\/155833707900388\">https:\/\/help.instagram.com\/155833707900388<\/a><\/p><p>Google+: <a href=\"https:\/\/developers.google.com\/+\/web\/buttons-policy\">https:\/\/developers.google.com\/+\/web\/buttons-policy<\/a><\/p><p>Youtube: <a href=\"http:\/\/www.youtube.com\/t\/privacy\">http:\/\/www.youtube.com\/t\/privacy<\/a><\/p><p><b>GERENCIAMENTO E CONFIGURA\u00c7\u00c3O DE COOKIES  <\/b><b><\/b><\/p><p>Voc\u00ea pode obter mais informa\u00e7\u00f5es sobre como gerenciar e desativar os cookies usados na plataforma por meio das diferentes op\u00e7\u00f5es oferecidas pelos navegadores mais comuns:<\/p><ul><li aria-level=\"1\"><p><a href=\"https:\/\/support.google.com\/chrome\/answer\/95647?co=GENIE.Platform%3DDesktop&amp;hl=es\">Google Chrome<\/a><\/p><\/li><li aria-level=\"1\"><p><a href=\"https:\/\/support.mozilla.org\/es\/kb\/impedir-que-los-sitios-web-guarden-sus-preferencia\">Mozilla Firefox<\/a> <\/p><\/li><li aria-level=\"1\"><p><a href=\"https:\/\/support.microsoft.com\/es-es\/help\/17442\/windows-internet-explorer-delete-manage-cookies\">Microsoft Internet Explorer<\/a> <\/p><\/li><li aria-level=\"1\"><p><a href=\"https:\/\/support.apple.com\/es-es\/HT201265\">Saf\u00e1ri<\/a><\/p><\/li><\/ul><p>Al\u00e9m disso, voc\u00ea tamb\u00e9m pode gerenciar o armazenamento de cookies no navegador usando ferramentas como as seguintes:<\/p><ul><li aria-level=\"1\"><p>Ghostery: <a href=\"http:\/\/www.ghostery.com\/\">www.ghostery.com\/<\/a><\/p><\/li><li aria-level=\"1\"><p>Suas op\u00e7\u00f5es on-line: <a href=\"http:\/\/www.youronlinechoices.com\/es\/\">www.youronlinechoices.com\/es\/<\/a><\/p><\/li><\/ul><p><b>ATUALIZA\u00c7\u00d5ES E ALTERA\u00c7\u00d5ES NA POL\u00cdTICA DE COOKIES  <\/b><b><\/b><\/p><p>Esta Pol\u00edtica de Cookies pode ser modificada devido a requisitos legislativos ou regulamentares ou para adaptar esta pol\u00edtica \u00e0s instru\u00e7\u00f5es emitidas pela Ag\u00eancia Espanhola de Prote\u00e7\u00e3o de Dados (AEPD). Por esse motivo, recomenda-se que os usu\u00e1rios a visitem periodicamente. <br> <\/p><\/div><\/div>\t\t\t\t\t\t\t\t<\/div>\n\t\t\t\t\t<\/div>\n\t\t\t\t<\/div>\n\t\t\t\t<\/div>\n\t\t","protected":false},"excerpt":{"rendered":"<p>A seguir, apresentamos a Pol\u00edtica de Cookies (doravante, &#8220;Pol\u00edtica de Cookies&#8221; ou &#8220;Pol\u00edtica&#8221;) que rege a Plataforma Web https:\/\/peritonealcancerinstitute.com (doravante, &#8220;a Plataforma&#8221;), de propriedade da DEEP POINT S.L.P. (doravante, &#8220;PCI&#8221;), com endere\u00e7o registrado em CALLE VILLARROEL, 92 &#8211; P. 1 PTA. 1. 1, 08011 BARCELONA e ID fiscal B09994013 O objetivo desta Pol\u00edtica de Cookies &#8230; <a title=\"Pol\u00edtica de cookies\" class=\"read-more\" href=\"https:\/\/peritonealcancerinstitute.com\/pt-br\/politica-de-cookies\/\" aria-label=\"Read more about Pol\u00edtica de cookies\">Ler mais<\/a><\/p>\n","protected":false},"author":1,"featured_media":0,"parent":0,"menu_order":0,"comment_status":"closed","ping_status":"closed","template":"elementor_header_footer","meta":{"_acf_changed":false,"footnotes":""},"class_list":["post-1478","page","type-page","status-publish"],"acf":[],"yoast_head":"<!-- This site is optimized with the Yoast SEO plugin v27.1.1 - https:\/\/yoast.com\/product\/yoast-seo-wordpress\/ -->\n<title>Pol\u00edtica de cookies - Peritoneal Cancer Institute<\/title>\n<meta name=\"robots\" content=\"noindex, nofollow\" \/>\n<meta property=\"og:locale\" content=\"pt_BR\" \/>\n<meta property=\"og:type\" content=\"article\" \/>\n<meta property=\"og:title\" content=\"Pol\u00edtica de cookies - Peritoneal Cancer Institute\" \/>\n<meta property=\"og:description\" content=\"A seguir, apresentamos a Pol\u00edtica de Cookies (doravante, &#8220;Pol\u00edtica de Cookies&#8221; ou &#8220;Pol\u00edtica&#8221;) que rege a Plataforma Web https:\/\/peritonealcancerinstitute.com (doravante, &#8220;a Plataforma&#8221;), de propriedade da DEEP POINT S.L.P. (doravante, &#8220;PCI&#8221;), com endere\u00e7o registrado em CALLE VILLARROEL, 92 &#8211; P. 1 PTA. 1. 1, 08011 BARCELONA e ID fiscal B09994013 O objetivo desta Pol\u00edtica de Cookies ... Ler mais\" \/>\n<meta property=\"og:url\" content=\"https:\/\/peritonealcancerinstitute.com\/pt-br\/politica-de-cookies\/\" \/>\n<meta property=\"og:site_name\" content=\"Peritoneal Cancer Institute\" \/>\n<meta property=\"article:modified_time\" content=\"2026-02-23T09:47:27+00:00\" \/>\n<meta name=\"twitter:card\" content=\"summary_large_image\" \/>\n<meta name=\"twitter:label1\" content=\"Est. tempo de leitura\" \/>\n\t<meta name=\"twitter:data1\" content=\"7 minutos\" \/>\n<script type=\"application\/ld+json\" class=\"yoast-schema-graph\">{\"@context\":\"https:\/\/schema.org\",\"@graph\":[{\"@type\":\"WebPage\",\"@id\":\"https:\/\/peritonealcancerinstitute.com\/pt-br\/politica-de-cookies\/\",\"url\":\"https:\/\/peritonealcancerinstitute.com\/pt-br\/politica-de-cookies\/\",\"name\":\"Pol\u00edtica de cookies - Peritoneal Cancer Institute\",\"isPartOf\":{\"@id\":\"https:\/\/peritonealcancerinstitute.com\/pt-br\/#website\"},\"datePublished\":\"2026-01-13T13:47:23+00:00\",\"dateModified\":\"2026-02-23T09:47:27+00:00\",\"breadcrumb\":{\"@id\":\"https:\/\/peritonealcancerinstitute.com\/pt-br\/politica-de-cookies\/#breadcrumb\"},\"inLanguage\":\"pt-BR\",\"potentialAction\":[{\"@type\":\"ReadAction\",\"target\":[\"https:\/\/peritonealcancerinstitute.com\/pt-br\/politica-de-cookies\/\"]}]},{\"@type\":\"BreadcrumbList\",\"@id\":\"https:\/\/peritonealcancerinstitute.com\/pt-br\/politica-de-cookies\/#breadcrumb\",\"itemListElement\":[{\"@type\":\"ListItem\",\"position\":1,\"name\":\"Portada\",\"item\":\"https:\/\/peritonealcancerinstitute.com\/pt-br\/\"},{\"@type\":\"ListItem\",\"position\":2,\"name\":\"Pol\u00edtica de cookies\"}]},{\"@type\":\"WebSite\",\"@id\":\"https:\/\/peritonealcancerinstitute.com\/pt-br\/#website\",\"url\":\"https:\/\/peritonealcancerinstitute.com\/pt-br\/\",\"name\":\"Peritoneal Cancer Institute\",\"description\":\"\",\"publisher\":{\"@id\":\"https:\/\/peritonealcancerinstitute.com\/pt-br\/#organization\"},\"potentialAction\":[{\"@type\":\"SearchAction\",\"target\":{\"@type\":\"EntryPoint\",\"urlTemplate\":\"https:\/\/peritonealcancerinstitute.com\/pt-br\/?s={search_term_string}\"},\"query-input\":{\"@type\":\"PropertyValueSpecification\",\"valueRequired\":true,\"valueName\":\"search_term_string\"}}],\"inLanguage\":\"pt-BR\"},{\"@type\":\"Organization\",\"@id\":\"https:\/\/peritonealcancerinstitute.com\/pt-br\/#organization\",\"name\":\"Peritoneal Cancer Institute\",\"url\":\"https:\/\/peritonealcancerinstitute.com\/pt-br\/\",\"logo\":{\"@type\":\"ImageObject\",\"inLanguage\":\"pt-BR\",\"@id\":\"https:\/\/peritonealcancerinstitute.com\/pt-br\/#\/schema\/logo\/image\/\",\"url\":\"https:\/\/peritonealcancerinstitute.com\/wp-content\/uploads\/2025\/11\/2.png\",\"contentUrl\":\"https:\/\/peritonealcancerinstitute.com\/wp-content\/uploads\/2025\/11\/2.png\",\"width\":364,\"height\":47,\"caption\":\"Peritoneal Cancer Institute\"},\"image\":{\"@id\":\"https:\/\/peritonealcancerinstitute.com\/pt-br\/#\/schema\/logo\/image\/\"}}]}<\/script>\n<!-- \/ Yoast SEO plugin. -->","yoast_head_json":{"title":"Pol\u00edtica de cookies - Peritoneal Cancer Institute","robots":{"index":"noindex","follow":"nofollow"},"og_locale":"pt_BR","og_type":"article","og_title":"Pol\u00edtica de cookies - Peritoneal Cancer Institute","og_description":"A seguir, apresentamos a Pol\u00edtica de Cookies (doravante, &#8220;Pol\u00edtica de Cookies&#8221; ou &#8220;Pol\u00edtica&#8221;) que rege a Plataforma Web https:\/\/peritonealcancerinstitute.com (doravante, &#8220;a Plataforma&#8221;), de propriedade da DEEP POINT S.L.P. (doravante, &#8220;PCI&#8221;), com endere\u00e7o registrado em CALLE VILLARROEL, 92 &#8211; P. 1 PTA. 1. 1, 08011 BARCELONA e ID fiscal B09994013 O objetivo desta Pol\u00edtica de Cookies ... Ler mais","og_url":"https:\/\/peritonealcancerinstitute.com\/pt-br\/politica-de-cookies\/","og_site_name":"Peritoneal Cancer Institute","article_modified_time":"2026-02-23T09:47:27+00:00","twitter_card":"summary_large_image","twitter_misc":{"Est. tempo de leitura":"7 minutos"},"schema":{"@context":"https:\/\/schema.org","@graph":[{"@type":"WebPage","@id":"https:\/\/peritonealcancerinstitute.com\/pt-br\/politica-de-cookies\/","url":"https:\/\/peritonealcancerinstitute.com\/pt-br\/politica-de-cookies\/","name":"Pol\u00edtica de cookies - Peritoneal Cancer Institute","isPartOf":{"@id":"https:\/\/peritonealcancerinstitute.com\/pt-br\/#website"},"datePublished":"2026-01-13T13:47:23+00:00","dateModified":"2026-02-23T09:47:27+00:00","breadcrumb":{"@id":"https:\/\/peritonealcancerinstitute.com\/pt-br\/politica-de-cookies\/#breadcrumb"},"inLanguage":"pt-BR","potentialAction":[{"@type":"ReadAction","target":["https:\/\/peritonealcancerinstitute.com\/pt-br\/politica-de-cookies\/"]}]},{"@type":"BreadcrumbList","@id":"https:\/\/peritonealcancerinstitute.com\/pt-br\/politica-de-cookies\/#breadcrumb","itemListElement":[{"@type":"ListItem","position":1,"name":"Portada","item":"https:\/\/peritonealcancerinstitute.com\/pt-br\/"},{"@type":"ListItem","position":2,"name":"Pol\u00edtica de cookies"}]},{"@type":"WebSite","@id":"https:\/\/peritonealcancerinstitute.com\/pt-br\/#website","url":"https:\/\/peritonealcancerinstitute.com\/pt-br\/","name":"Peritoneal Cancer Institute","description":"","publisher":{"@id":"https:\/\/peritonealcancerinstitute.com\/pt-br\/#organization"},"potentialAction":[{"@type":"SearchAction","target":{"@type":"EntryPoint","urlTemplate":"https:\/\/peritonealcancerinstitute.com\/pt-br\/?s={search_term_string}"},"query-input":{"@type":"PropertyValueSpecification","valueRequired":true,"valueName":"search_term_string"}}],"inLanguage":"pt-BR"},{"@type":"Organization","@id":"https:\/\/peritonealcancerinstitute.com\/pt-br\/#organization","name":"Peritoneal Cancer Institute","url":"https:\/\/peritonealcancerinstitute.com\/pt-br\/","logo":{"@type":"ImageObject","inLanguage":"pt-BR","@id":"https:\/\/peritonealcancerinstitute.com\/pt-br\/#\/schema\/logo\/image\/","url":"https:\/\/peritonealcancerinstitute.com\/wp-content\/uploads\/2025\/11\/2.png","contentUrl":"https:\/\/peritonealcancerinstitute.com\/wp-content\/uploads\/2025\/11\/2.png","width":364,"height":47,"caption":"Peritoneal Cancer Institute"},"image":{"@id":"https:\/\/peritonealcancerinstitute.com\/pt-br\/#\/schema\/logo\/image\/"}}]}},"_links":{"self":[{"href":"https:\/\/peritonealcancerinstitute.com\/pt-br\/wp-json\/wp\/v2\/pages\/1478","targetHints":{"allow":["GET"]}}],"collection":[{"href":"https:\/\/peritonealcancerinstitute.com\/pt-br\/wp-json\/wp\/v2\/pages"}],"about":[{"href":"https:\/\/peritonealcancerinstitute.com\/pt-br\/wp-json\/wp\/v2\/types\/page"}],"author":[{"embeddable":true,"href":"https:\/\/peritonealcancerinstitute.com\/pt-br\/wp-json\/wp\/v2\/users\/1"}],"replies":[{"embeddable":true,"href":"https:\/\/peritonealcancerinstitute.com\/pt-br\/wp-json\/wp\/v2\/comments?post=1478"}],"version-history":[{"count":2,"href":"https:\/\/peritonealcancerinstitute.com\/pt-br\/wp-json\/wp\/v2\/pages\/1478\/revisions"}],"predecessor-version":[{"id":1522,"href":"https:\/\/peritonealcancerinstitute.com\/pt-br\/wp-json\/wp\/v2\/pages\/1478\/revisions\/1522"}],"wp:attachment":[{"href":"https:\/\/peritonealcancerinstitute.com\/pt-br\/wp-json\/wp\/v2\/media?parent=1478"}],"curies":[{"name":"wp","href":"https:\/\/api.w.org\/{rel}","templated":true}]}}